{"id":17,"date":"2015-11-16T17:24:35","date_gmt":"2015-11-16T16:24:35","guid":{"rendered":"http:\/\/www.adryco.com\/?page_id=17"},"modified":"2015-12-21T18:45:03","modified_gmt":"2015-12-21T17:45:03","slug":"fotos-de-trabajos","status":"publish","type":"page","link":"https:\/\/www.adryco.com\/?page_id=17","title":{"rendered":"Fotos de Trabajos"},"content":{"rendered":"<p>En esta secci\u00f3n os ofrecemos la galer\u00eda m\u00e1s completa de im\u00e1genes de obras de reforma realizadas por Adryco Reformas y Proyectos.<\/p>\n<p>Elige el tipo de obra que te interese y pulsa sobre la foto&#8230;<\/p>\n<div data-carousel-extra='{\"blog_id\":1,\"permalink\":\"https:\\\/\\\/www.adryco.com\\\/?page_id=17\"}' class=\"tiled-gallery type-rectangular\" data-original-width=\"500\"><div class=\"gallery-row\" style=\"width: 495px; height: 217px;\"><div class=\"gallery-group images-1\" style=\"width: 329px; height: 221px;\"><div class=\"tiled-gallery-item tiled-gallery-item-large\"><a href=\"http:\/\/www.adryco.com\/?p=33\" class=\"no-lightbox\"><img loading=\"lazy\" decoding=\"async\" data-attachment-id=\"110\" data-orig-file=\"https:\/\/www.adryco.com\/wp-content\/uploads\/2015\/11\/featured_bano_83465835_S.jpg\" data-orig-size=\"849,566\" data-comments-opened=\"1\" data-image-meta=\"{&quot;aperture&quot;:&quot;5.6&quot;,&quot;credit&quot;:&quot;Dmitry Vereshchagin - Fotolia&quot;,&quot;camera&quot;:&quot;X-T1&quot;,&quot;caption&quot;:&quot;Interior of a hotel bathroom&quot;,&quot;created_timestamp&quot;:&quot;1431684687&quot;,&quot;copyright&quot;:&quot;Dmitry Vereshchagin - Fotolia&quot;,&quot;focal_length&quot;:&quot;23&quot;,&quot;iso&quot;:&quot;400&quot;,&quot;shutter_speed&quot;:&quot;0.125&quot;,&quot;title&quot;:&quot;hotel bathroom&quot;,&quot;orientation&quot;:&quot;1&quot;}\" data-image-title=\"Foto de mueble de ba\u00f1o\" data-image-description=\"\" data-medium-file=\"https:\/\/www.adryco.com\/wp-content\/uploads\/2015\/11\/featured_bano_83465835_S-300x200.jpg\" data-large-file=\"https:\/\/www.adryco.com\/wp-content\/uploads\/2015\/11\/featured_bano_83465835_S.jpg\" src=\"https:\/\/www.adryco.com\/wp-content\/uploads\/2015\/11\/featured_bano_83465835_S-325x217.jpg\" width=\"325\" height=\"217\" align=\"left\" title=\"Foto de mueble de ba\u00f1o\" \/><\/a><div class=\"tiled-gallery-caption\">Ba\u00f1os y Spas<\/div><\/div><\/div><div class=\"gallery-group images-2\" style=\"width: 166px; height: 221px;\"><div class=\"tiled-gallery-item tiled-gallery-item-small\"><a href=\"http:\/\/www.adryco.com\/?p=35\" class=\"no-lightbox\"><img loading=\"lazy\" decoding=\"async\" data-attachment-id=\"111\" data-orig-file=\"https:\/\/www.adryco.com\/wp-content\/uploads\/2015\/11\/featured_cocina_85121629_S.jpg\" data-orig-size=\"849,565\" data-comments-opened=\"1\" data-image-meta=\"{&quot;aperture&quot;:&quot;20&quot;,&quot;credit&quot;:&quot;starush - Fotolia&quot;,&quot;camera&quot;:&quot;NIKON D700&quot;,&quot;caption&quot;:&quot;Modern luxury hi-tek black and white kitchen, clean interior design&quot;,&quot;created_timestamp&quot;:&quot;1433515238&quot;,&quot;copyright&quot;:&quot;starush - Fotolia&quot;,&quot;focal_length&quot;:&quot;34&quot;,&quot;iso&quot;:&quot;200&quot;,&quot;shutter_speed&quot;:&quot;2&quot;,&quot;title&quot;:&quot;Modern hi-tek kitchen, clean interior design&quot;,&quot;orientation&quot;:&quot;1&quot;}\" data-image-title=\"Galer\u00eda fotos cocina moderna\" data-image-description=\"\" data-medium-file=\"https:\/\/www.adryco.com\/wp-content\/uploads\/2015\/11\/featured_cocina_85121629_S-300x200.jpg\" data-large-file=\"https:\/\/www.adryco.com\/wp-content\/uploads\/2015\/11\/featured_cocina_85121629_S.jpg\" src=\"https:\/\/www.adryco.com\/wp-content\/uploads\/2015\/11\/featured_cocina_85121629_S-162x108.jpg\" width=\"162\" height=\"108\" align=\"left\" title=\"Galer\u00eda fotos cocina moderna\" \/><\/a><div class=\"tiled-gallery-caption\">Cocinas<\/div><\/div><div class=\"tiled-gallery-item tiled-gallery-item-small\"><a href=\"http:\/\/www.adryco.com\/?p=53\" class=\"no-lightbox\"><img loading=\"lazy\" decoding=\"async\" data-attachment-id=\"121\" data-orig-file=\"https:\/\/www.adryco.com\/wp-content\/uploads\/2015\/11\/featured_oficinas_65396910_S.jpg\" data-orig-size=\"862,557\" data-comments-opened=\"1\" data-image-meta=\"{&quot;aperture&quot;:&quot;4.5&quot;,&quot;credit&quot;:&quot;photosoup - Fotolia&quot;,&quot;camera&quot;:&quot;Canon EOS 5D Mark II&quot;,&quot;caption&quot;:&quot;Modern meeting room with solid wood table&quot;,&quot;created_timestamp&quot;:&quot;1399938507&quot;,&quot;copyright&quot;:&quot;photosoup - Fotolia&quot;,&quot;focal_length&quot;:&quot;24&quot;,&quot;iso&quot;:&quot;100&quot;,&quot;shutter_speed&quot;:&quot;0.25&quot;,&quot;title&quot;:&quot;Modern meeting room with solid wood table&quot;,&quot;orientation&quot;:&quot;1&quot;}\" data-image-title=\"Reformas de oficinas\" data-image-description=\"\" data-medium-file=\"https:\/\/www.adryco.com\/wp-content\/uploads\/2015\/11\/featured_oficinas_65396910_S-300x194.jpg\" data-large-file=\"https:\/\/www.adryco.com\/wp-content\/uploads\/2015\/11\/featured_oficinas_65396910_S.jpg\" src=\"https:\/\/www.adryco.com\/wp-content\/uploads\/2015\/11\/featured_oficinas_65396910_S-162x105.jpg\" width=\"162\" height=\"105\" align=\"left\" title=\"Reformas de oficinas\" \/><\/a><div class=\"tiled-gallery-caption\">Oficinas y despachos<\/div><\/div><\/div><\/div><div class=\"gallery-row\" style=\"width: 495px; height: 346px;\"><div class=\"gallery-group images-2\" style=\"width: 260px; height: 350px;\"><div class=\"tiled-gallery-item tiled-gallery-item-large\"><a href=\"http:\/\/www.adryco.com\/?p=37\" class=\"no-lightbox\"><img loading=\"lazy\" decoding=\"async\" data-attachment-id=\"112\" data-orig-file=\"https:\/\/www.adryco.com\/wp-content\/uploads\/2015\/11\/featured_dormitorio_68558789_S.jpg\" data-orig-size=\"849,566\" data-comments-opened=\"1\" data-image-meta=\"{&quot;aperture&quot;:&quot;5&quot;,&quot;credit&quot;:&quot;rilueda - Fotolia&quot;,&quot;camera&quot;:&quot;Canon EOS 5D Mark II&quot;,&quot;caption&quot;:&quot;&quot;,&quot;created_timestamp&quot;:&quot;1389710245&quot;,&quot;copyright&quot;:&quot;rilueda - Fotolia&quot;,&quot;focal_length&quot;:&quot;16&quot;,&quot;iso&quot;:&quot;200&quot;,&quot;shutter_speed&quot;:&quot;0.2&quot;,&quot;title&quot;:&quot;Interior of a hotel bedroom in the morning&quot;,&quot;orientation&quot;:&quot;1&quot;}\" data-image-title=\"Galeria fotos Dormitorios\" data-image-description=\"\" data-medium-file=\"https:\/\/www.adryco.com\/wp-content\/uploads\/2015\/11\/featured_dormitorio_68558789_S-300x200.jpg\" data-large-file=\"https:\/\/www.adryco.com\/wp-content\/uploads\/2015\/11\/featured_dormitorio_68558789_S.jpg\" src=\"https:\/\/www.adryco.com\/wp-content\/uploads\/2015\/11\/featured_dormitorio_68558789_S-256x171.jpg\" width=\"256\" height=\"171\" align=\"left\" title=\"Galeria fotos Dormitorios\" \/><\/a><div class=\"tiled-gallery-caption\">Dormitorios<\/div><\/div><div class=\"tiled-gallery-item tiled-gallery-item-large\"><a href=\"http:\/\/www.adryco.com\/?p=45\" class=\"no-lightbox\"><img loading=\"lazy\" decoding=\"async\" data-attachment-id=\"116\" data-orig-file=\"https:\/\/www.adryco.com\/wp-content\/uploads\/2015\/11\/featured_obras_especiales_15042882_S.jpg\" data-orig-size=\"849,566\" data-comments-opened=\"1\" data-image-meta=\"{&quot;aperture&quot;:&quot;0&quot;,&quot;credit&quot;:&quot;moodboard Premium - Fotolia&quot;,&quot;camera&quot;:&quot;&quot;,&quot;caption&quot;:&quot;Welder working from cherry picker on warehouse construction&quot;,&quot;created_timestamp&quot;:&quot;1206753271&quot;,&quot;copyright&quot;:&quot;moodboard Premium - Fotolia&quot;,&quot;focal_length&quot;:&quot;0&quot;,&quot;iso&quot;:&quot;0&quot;,&quot;shutter_speed&quot;:&quot;0&quot;,&quot;title&quot;:&quot;Welder working from cherry picker on warehouse construction&quot;,&quot;orientation&quot;:&quot;1&quot;}\" data-image-title=\"Obras especiales y estructuras\" data-image-description=\"\" data-medium-file=\"https:\/\/www.adryco.com\/wp-content\/uploads\/2015\/11\/featured_obras_especiales_15042882_S-300x200.jpg\" data-large-file=\"https:\/\/www.adryco.com\/wp-content\/uploads\/2015\/11\/featured_obras_especiales_15042882_S.jpg\" src=\"https:\/\/www.adryco.com\/wp-content\/uploads\/2015\/11\/featured_obras_especiales_15042882_S-256x171.jpg\" width=\"256\" height=\"171\" align=\"left\" title=\"Obras especiales y estructuras\" \/><\/a><div class=\"tiled-gallery-caption\">Obras especiales y estructuras<\/div><\/div><\/div><div class=\"gallery-group images-1\" style=\"width: 235px; height: 350px;\"><div class=\"tiled-gallery-item tiled-gallery-item-small\"><a href=\"http:\/\/www.adryco.com\/?p=49\" class=\"no-lightbox\"><img loading=\"lazy\" decoding=\"async\" data-attachment-id=\"113\" data-orig-file=\"https:\/\/www.adryco.com\/wp-content\/uploads\/2015\/11\/featured_escaleras__63549121_S.jpg\" data-orig-size=\"566,849\" data-comments-opened=\"1\" data-image-meta=\"{&quot;aperture&quot;:&quot;8&quot;,&quot;credit&quot;:&quot;we8504 - Fotolia&quot;,&quot;camera&quot;:&quot;NIKON D300S&quot;,&quot;caption&quot;:&quot;&quot;,&quot;created_timestamp&quot;:&quot;1358073562&quot;,&quot;copyright&quot;:&quot;we8504 - Fotolia&quot;,&quot;focal_length&quot;:&quot;12&quot;,&quot;iso&quot;:&quot;500&quot;,&quot;shutter_speed&quot;:&quot;0.016666666666667&quot;,&quot;title&quot;:&quot;Wooden staircase with stainless steel elements&quot;,&quot;orientation&quot;:&quot;1&quot;}\" data-image-title=\"Galer\u00eda Fotos Escaleras\" data-image-description=\"\" data-medium-file=\"https:\/\/www.adryco.com\/wp-content\/uploads\/2015\/11\/featured_escaleras__63549121_S-200x300.jpg\" data-large-file=\"https:\/\/www.adryco.com\/wp-content\/uploads\/2015\/11\/featured_escaleras__63549121_S.jpg\" src=\"https:\/\/www.adryco.com\/wp-content\/uploads\/2015\/11\/featured_escaleras__63549121_S-231x346.jpg\" width=\"231\" height=\"346\" align=\"left\" title=\"Galer\u00eda Fotos Escaleras\" \/><\/a><div class=\"tiled-gallery-caption\">Escaleras<\/div><\/div><\/div><\/div><div class=\"gallery-row\" style=\"width: 495px; height: 154px;\"><div class=\"gallery-group images-1\" style=\"width: 260px; height: 158px;\"><div class=\"tiled-gallery-item tiled-gallery-item-large\"><a href=\"http:\/\/www.adryco.com\/?p=41\" class=\"no-lightbox\"><img loading=\"lazy\" decoding=\"async\" data-attachment-id=\"119\" data-orig-file=\"https:\/\/www.adryco.com\/wp-content\/uploads\/2015\/11\/featured_salones_65755204_S.jpg\" data-orig-size=\"894,537\" data-comments-opened=\"1\" data-image-meta=\"{&quot;aperture&quot;:&quot;0&quot;,&quot;credit&quot;:&quot;imagophotodesign - Fotolia&quot;,&quot;camera&quot;:&quot;&quot;,&quot;caption&quot;:&quot;Inneneinrichtung - Interior design&quot;,&quot;created_timestamp&quot;:&quot;1401753600&quot;,&quot;copyright&quot;:&quot;imagophotodesign - Fotolia&quot;,&quot;focal_length&quot;:&quot;0&quot;,&quot;iso&quot;:&quot;0&quot;,&quot;shutter_speed&quot;:&quot;0&quot;,&quot;title&quot;:&quot;Inneneinrichtung - Interior design&quot;,&quot;orientation&quot;:&quot;1&quot;}\" data-image-title=\"Fotos reformas salones\" data-image-description=\"\" data-medium-file=\"https:\/\/www.adryco.com\/wp-content\/uploads\/2015\/11\/featured_salones_65755204_S-300x180.jpg\" data-large-file=\"https:\/\/www.adryco.com\/wp-content\/uploads\/2015\/11\/featured_salones_65755204_S.jpg\" src=\"https:\/\/www.adryco.com\/wp-content\/uploads\/2015\/11\/featured_salones_65755204_S-256x154.jpg\" width=\"256\" height=\"154\" align=\"left\" title=\"Fotos reformas salones\" \/><\/a><div class=\"tiled-gallery-caption\">Salones<\/div><\/div><\/div><div class=\"gallery-group images-1\" style=\"width: 235px; height: 158px;\"><div class=\"tiled-gallery-item tiled-gallery-item-small\"><a href=\"http:\/\/www.adryco.com\/?p=63\" class=\"no-lightbox\"><img loading=\"lazy\" decoding=\"async\" data-attachment-id=\"114\" data-orig-file=\"https:\/\/www.adryco.com\/wp-content\/uploads\/2015\/11\/featured_gimnasio_93676199_S.jpg\" data-orig-size=\"849,566\" data-comments-opened=\"1\" data-image-meta=\"{&quot;aperture&quot;:&quot;0&quot;,&quot;credit&quot;:&quot;WavebreakmediaMicro - Fotolia&quot;,&quot;camera&quot;:&quot;&quot;,&quot;caption&quot;:&quot;608173&quot;,&quot;created_timestamp&quot;:&quot;0&quot;,&quot;copyright&quot;:&quot;WavebreakmediaMicro - Fotolia&quot;,&quot;focal_length&quot;:&quot;0&quot;,&quot;iso&quot;:&quot;0&quot;,&quot;shutter_speed&quot;:&quot;0&quot;,&quot;title&quot;:&quot;Row of treadmills and exercise bikes&quot;,&quot;orientation&quot;:&quot;0&quot;}\" data-image-title=\"Fotos de reformas de Gimnasios\" data-image-description=\"\" data-medium-file=\"https:\/\/www.adryco.com\/wp-content\/uploads\/2015\/11\/featured_gimnasio_93676199_S-300x200.jpg\" data-large-file=\"https:\/\/www.adryco.com\/wp-content\/uploads\/2015\/11\/featured_gimnasio_93676199_S.jpg\" src=\"https:\/\/www.adryco.com\/wp-content\/uploads\/2015\/11\/featured_gimnasio_93676199_S-231x154.jpg\" width=\"231\" height=\"154\" align=\"left\" title=\"Fotos de reformas de Gimnasios\" \/><\/a><div class=\"tiled-gallery-caption\">Gimnasios<\/div><\/div><\/div><\/div><div class=\"gallery-row\" style=\"width: 495px; height: 162px;\"><div class=\"gallery-group images-1\" style=\"width: 248px; height: 166px;\"><div class=\"tiled-gallery-item tiled-gallery-item-small\"><a href=\"http:\/\/www.adryco.com\/?p=47\" class=\"no-lightbox\"><img loading=\"lazy\" decoding=\"async\" data-attachment-id=\"117\" data-orig-file=\"https:\/\/www.adryco.com\/wp-content\/uploads\/2015\/11\/featured_piscina_92302401_S.jpg\" data-orig-size=\"849,566\" data-comments-opened=\"1\" data-image-meta=\"{&quot;aperture&quot;:&quot;7.1&quot;,&quot;credit&quot;:&quot;Kurhan - Fotolia&quot;,&quot;camera&quot;:&quot;Canon EOS 5D Mark II&quot;,&quot;caption&quot;:&quot;Beautiful swimming pool with a blue clear water.&quot;,&quot;created_timestamp&quot;:&quot;1439657949&quot;,&quot;copyright&quot;:&quot;Kurhan - Fotolia&quot;,&quot;focal_length&quot;:&quot;19&quot;,&quot;iso&quot;:&quot;100&quot;,&quot;shutter_speed&quot;:&quot;0.002&quot;,&quot;title&quot;:&quot;Swimming pool.&quot;,&quot;orientation&quot;:&quot;0&quot;}\" data-image-title=\"Fotos de obras de piscinas\" data-image-description=\"\" data-medium-file=\"https:\/\/www.adryco.com\/wp-content\/uploads\/2015\/11\/featured_piscina_92302401_S-300x200.jpg\" data-large-file=\"https:\/\/www.adryco.com\/wp-content\/uploads\/2015\/11\/featured_piscina_92302401_S.jpg\" src=\"https:\/\/www.adryco.com\/wp-content\/uploads\/2015\/11\/featured_piscina_92302401_S-244x162.jpg\" width=\"244\" height=\"162\" align=\"left\" title=\"Fotos de obras de piscinas\" \/><\/a><div class=\"tiled-gallery-caption\">Piscinas y obras exteriores<\/div><\/div><\/div><div class=\"gallery-group images-1\" style=\"width: 247px; height: 166px;\"><div class=\"tiled-gallery-item tiled-gallery-item-small\"><a href=\"http:\/\/www.adryco.com\/?p=39\" class=\"no-lightbox\"><img loading=\"lazy\" decoding=\"async\" data-attachment-id=\"108\" data-orig-file=\"https:\/\/www.adryco.com\/wp-content\/uploads\/2015\/11\/featured_armarios__63121986_S.jpg\" data-orig-size=\"849,566\" data-comments-opened=\"1\" data-image-meta=\"{&quot;aperture&quot;:&quot;8&quot;,&quot;credit&quot;:&quot;Africa Studio - Fotolia&quot;,&quot;camera&quot;:&quot;Canon EOS 600D&quot;,&quot;caption&quot;:&quot;Colorful clothes hanging in wardrobe&quot;,&quot;created_timestamp&quot;:&quot;1395153809&quot;,&quot;copyright&quot;:&quot;Africa Studio - Fotolia&quot;,&quot;focal_length&quot;:&quot;35&quot;,&quot;iso&quot;:&quot;200&quot;,&quot;shutter_speed&quot;:&quot;0.00625&quot;,&quot;title&quot;:&quot;Colorful clothes hanging in wardrobe&quot;,&quot;orientation&quot;:&quot;1&quot;}\" data-image-title=\"Fotos de Vestidores y armarios\" data-image-description=\"\" data-medium-file=\"https:\/\/www.adryco.com\/wp-content\/uploads\/2015\/11\/featured_armarios__63121986_S-300x200.jpg\" data-large-file=\"https:\/\/www.adryco.com\/wp-content\/uploads\/2015\/11\/featured_armarios__63121986_S.jpg\" src=\"https:\/\/www.adryco.com\/wp-content\/uploads\/2015\/11\/featured_armarios__63121986_S-243x162.jpg\" width=\"243\" height=\"162\" align=\"left\" title=\"Fotos de Vestidores y armarios\" \/><\/a><div class=\"tiled-gallery-caption\">Vestidores y Armarios<\/div><\/div><\/div><\/div><\/div>\n","protected":false},"excerpt":{"rendered":"<p>En esta secci\u00f3n os ofrecemos la galer\u00eda m\u00e1s completa de im\u00e1genes de obras de reforma realizadas por Adryco Reformas y Proyectos. Elige el tipo de obra que te interese y pulsa sobre la foto&#8230;<\/p>\n","protected":false},"author":1,"featured_media":0,"parent":0,"menu_order":0,"comment_status":"closed","ping_status":"closed","template":"","meta":{"_monsterinsights_skip_tracking":false,"_monsterinsights_sitenote_active":false,"_monsterinsights_sitenote_note":"","_monsterinsights_sitenote_category":0,"footnotes":""},"class_list":{"0":"post-17","1":"page","2":"type-page","3":"status-publish","5":"entry"},"yoast_head":"<!-- This site is optimized with the Yoast SEO plugin v26.6 - https:\/\/yoast.com\/wordpress\/plugins\/seo\/ -->\n<title>Fotos de Trabajos - Reforma 3<\/title>\n<meta name=\"robots\" content=\"index, follow, max-snippet:-1, max-image-preview:large, max-video-preview:-1\" \/>\n<link rel=\"canonical\" href=\"https:\/\/www.adryco.com\/?page_id=17\" \/>\n<meta property=\"og:locale\" content=\"en_US\" \/>\n<meta property=\"og:type\" content=\"article\" \/>\n<meta property=\"og:title\" content=\"Fotos de Trabajos - Reforma 3\" \/>\n<meta property=\"og:description\" content=\"En esta secci\u00f3n os ofrecemos la galer\u00eda m\u00e1s completa de im\u00e1genes de obras de reforma realizadas por Adryco Reformas y Proyectos. Elige el tipo de obra que te interese y pulsa sobre la foto&#8230;\" \/>\n<meta property=\"og:url\" content=\"https:\/\/www.adryco.com\/?page_id=17\" \/>\n<meta property=\"og:site_name\" content=\"Reforma 3\" \/>\n<meta property=\"article:modified_time\" content=\"2015-12-21T17:45:03+00:00\" \/>\n<meta property=\"og:image\" content=\"https:\/\/www.adryco.com\/wp-content\/uploads\/2015\/11\/featured_bano_83465835_S-325x217.jpg\" \/>\n<meta name=\"twitter:card\" content=\"summary_large_image\" \/>\n<script type=\"application\/ld+json\" class=\"yoast-schema-graph\">{\"@context\":\"https:\/\/schema.org\",\"@graph\":[{\"@type\":\"WebPage\",\"@id\":\"https:\/\/www.adryco.com\/?page_id=17\",\"url\":\"https:\/\/www.adryco.com\/?page_id=17\",\"name\":\"Fotos de Trabajos - Reforma 3\",\"isPartOf\":{\"@id\":\"https:\/\/www.adryco.com\/#website\"},\"datePublished\":\"2015-11-16T16:24:35+00:00\",\"dateModified\":\"2015-12-21T17:45:03+00:00\",\"breadcrumb\":{\"@id\":\"https:\/\/www.adryco.com\/?page_id=17#breadcrumb\"},\"inLanguage\":\"en-US\",\"potentialAction\":[{\"@type\":\"ReadAction\",\"target\":[\"https:\/\/www.adryco.com\/?page_id=17\"]}]},{\"@type\":\"BreadcrumbList\",\"@id\":\"https:\/\/www.adryco.com\/?page_id=17#breadcrumb\",\"itemListElement\":[{\"@type\":\"ListItem\",\"position\":1,\"name\":\"Home\",\"item\":\"https:\/\/www.adryco.com\/\"},{\"@type\":\"ListItem\",\"position\":2,\"name\":\"Fotos de Trabajos\"}]},{\"@type\":\"WebSite\",\"@id\":\"https:\/\/www.adryco.com\/#website\",\"url\":\"https:\/\/www.adryco.com\/\",\"name\":\"Reforma 3\",\"description\":\"Reformas integrales de calidad\",\"potentialAction\":[{\"@type\":\"SearchAction\",\"target\":{\"@type\":\"EntryPoint\",\"urlTemplate\":\"https:\/\/www.adryco.com\/?s={search_term_string}\"},\"query-input\":{\"@type\":\"PropertyValueSpecification\",\"valueRequired\":true,\"valueName\":\"search_term_string\"}}],\"inLanguage\":\"en-US\"}]}<\/script>\n<!-- \/ Yoast SEO plugin. -->","yoast_head_json":{"title":"Fotos de Trabajos - Reforma 3","robots":{"index":"index","follow":"follow","max-snippet":"max-snippet:-1","max-image-preview":"max-image-preview:large","max-video-preview":"max-video-preview:-1"},"canonical":"https:\/\/www.adryco.com\/?page_id=17","og_locale":"en_US","og_type":"article","og_title":"Fotos de Trabajos - Reforma 3","og_description":"En esta secci\u00f3n os ofrecemos la galer\u00eda m\u00e1s completa de im\u00e1genes de obras de reforma realizadas por Adryco Reformas y Proyectos. Elige el tipo de obra que te interese y pulsa sobre la foto&#8230;","og_url":"https:\/\/www.adryco.com\/?page_id=17","og_site_name":"Reforma 3","article_modified_time":"2015-12-21T17:45:03+00:00","og_image":[{"url":"https:\/\/www.adryco.com\/wp-content\/uploads\/2015\/11\/featured_bano_83465835_S-325x217.jpg","type":"","width":"","height":""}],"twitter_card":"summary_large_image","schema":{"@context":"https:\/\/schema.org","@graph":[{"@type":"WebPage","@id":"https:\/\/www.adryco.com\/?page_id=17","url":"https:\/\/www.adryco.com\/?page_id=17","name":"Fotos de Trabajos - Reforma 3","isPartOf":{"@id":"https:\/\/www.adryco.com\/#website"},"datePublished":"2015-11-16T16:24:35+00:00","dateModified":"2015-12-21T17:45:03+00:00","breadcrumb":{"@id":"https:\/\/www.adryco.com\/?page_id=17#breadcrumb"},"inLanguage":"en-US","potentialAction":[{"@type":"ReadAction","target":["https:\/\/www.adryco.com\/?page_id=17"]}]},{"@type":"BreadcrumbList","@id":"https:\/\/www.adryco.com\/?page_id=17#breadcrumb","itemListElement":[{"@type":"ListItem","position":1,"name":"Home","item":"https:\/\/www.adryco.com\/"},{"@type":"ListItem","position":2,"name":"Fotos de Trabajos"}]},{"@type":"WebSite","@id":"https:\/\/www.adryco.com\/#website","url":"https:\/\/www.adryco.com\/","name":"Reforma 3","description":"Reformas integrales de calidad","potentialAction":[{"@type":"SearchAction","target":{"@type":"EntryPoint","urlTemplate":"https:\/\/www.adryco.com\/?s={search_term_string}"},"query-input":{"@type":"PropertyValueSpecification","valueRequired":true,"valueName":"search_term_string"}}],"inLanguage":"en-US"}]}},"_links":{"self":[{"href":"https:\/\/www.adryco.com\/index.php?rest_route=\/wp\/v2\/pages\/17","targetHints":{"allow":["GET"]}}],"collection":[{"href":"https:\/\/www.adryco.com\/index.php?rest_route=\/wp\/v2\/pages"}],"about":[{"href":"https:\/\/www.adryco.com\/index.php?rest_route=\/wp\/v2\/types\/page"}],"author":[{"embeddable":true,"href":"https:\/\/www.adryco.com\/index.php?rest_route=\/wp\/v2\/users\/1"}],"replies":[{"embeddable":true,"href":"https:\/\/www.adryco.com\/index.php?rest_route=%2Fwp%2Fv2%2Fcomments&post=17"}],"version-history":[{"count":14,"href":"https:\/\/www.adryco.com\/index.php?rest_route=\/wp\/v2\/pages\/17\/revisions"}],"predecessor-version":[{"id":984,"href":"https:\/\/www.adryco.com\/index.php?rest_route=\/wp\/v2\/pages\/17\/revisions\/984"}],"wp:attachment":[{"href":"https:\/\/www.adryco.com\/index.php?rest_route=%2Fwp%2Fv2%2Fmedia&parent=17"}],"curies":[{"name":"wp","href":"https:\/\/api.w.org\/{rel}","templated":true}]}}