{"id":790,"date":"2015-11-30T11:39:55","date_gmt":"2015-11-30T10:39:55","guid":{"rendered":"https:\/\/www.adryco.com\/?page_id=790"},"modified":"2015-12-18T10:33:28","modified_gmt":"2015-12-18T09:33:28","slug":"reformas-oficinas-madrid","status":"publish","type":"page","link":"https:\/\/www.adryco.com\/?page_id=790","title":{"rendered":"Reformas Oficinas Madrid"},"content":{"rendered":"<h3><\/h3>\n<hr \/>\n<h3>Compromiso en las reformas de oficinas<\/h3>\n<p>En Reforma 3 somos profesionales y entendemos las necesidades de los profesionales. Sabemos que las reformas de oficinas son distintas y por eso, adem\u00e1s del <a href=\"http:\/\/www.adryco.com\/reformas-integrales-madrid\/\">compromiso habitual\u00a0de reforma integral<\/a>,\u00a0en Reforma 3 te ofrecemos:<\/p>\n<p><img loading=\"lazy\" decoding=\"async\" class=\"alignright wp-image-121 size-medium\" src=\"http:\/\/www.adryco.com\/wp-content\/uploads\/2015\/11\/featured_oficinas_65396910_S-300x194.jpg\" alt=\"Fotos de reformas de oficinas\" width=\"300\" height=\"194\" srcset=\"https:\/\/www.adryco.com\/wp-content\/uploads\/2015\/11\/featured_oficinas_65396910_S-300x194.jpg 300w, https:\/\/www.adryco.com\/wp-content\/uploads\/2015\/11\/featured_oficinas_65396910_S.jpg 862w\" sizes=\"auto, (max-width: 300px) 100vw, 300px\" \/><\/p>\n<ul>\n<li><strong>Asesoramiento gratuito de la implantaci\u00f3n,<\/strong> con estudio de aprovechamiento \u00f3ptimo de los espacios y sus usos. Dinos tus necesidades y las plasmamos en un plano de implantaci\u00f3n sobre el que trabajar.<\/li>\n<li><strong>Minimizamos la interferencia en la marcha de tu negocio<\/strong> gracias a una cuidada planificaci\u00f3n junto al cliente de los trabajos a realizar. Tu decides cu\u00e1ndo y c\u00f3mo hacemos la reforma de tu oficina en Madrid.<\/li>\n<li><strong>Cumplimiento estricto de los plazos<\/strong> pactados con el cliente gracias a una cuidada planificaci\u00f3n de los trabajos de reforma.<\/li>\n<\/ul>\n<p>&nbsp;<\/p>\n<hr \/>\n<h3>\u00a0Proyectos y Gesti\u00f3n de Licencias para las\u00a0reformas de oficinas en Madrid<\/h3>\n<p>Si adem\u00e1s de hacer la reforma de tu oficina, necesitas un proyecto t\u00e9cnico, en Reforma 3 somos Arquitectos e Ingenieros y podemos ofrecerte lo que necesites:<\/p>\n<p><img loading=\"lazy\" decoding=\"async\" class=\"alignleft wp-image-649 size-medium\" src=\"http:\/\/www.adryco.com\/wp-content\/uploads\/2015\/11\/0006_05-frente-ascensores-reforma-oficinas-300x242.jpg\" alt=\"Frente ascensores en granito | Reforma de oficinas\" width=\"300\" height=\"242\" srcset=\"https:\/\/www.adryco.com\/wp-content\/uploads\/2015\/11\/0006_05-frente-ascensores-reforma-oficinas-300x242.jpg 300w, https:\/\/www.adryco.com\/wp-content\/uploads\/2015\/11\/0006_05-frente-ascensores-reforma-oficinas-1024x826.jpg 1024w, https:\/\/www.adryco.com\/wp-content\/uploads\/2015\/11\/0006_05-frente-ascensores-reforma-oficinas.jpg 2000w\" sizes=\"auto, (max-width: 300px) 100vw, 300px\" \/><\/p>\n<ul>\n<li>Proyectos para licencias de obras.<\/li>\n<li>Proyectos de apertura y\/o funcionamiento.<\/li>\n<li>Proyectos de instalaciones.<\/li>\n<li>Tramite de Licencias antes el Ayuntamiento.<\/li>\n<li>ITE, Certificados energ\u00e9tico, etc&#8230;<\/li>\n<\/ul>\n<p>&nbsp;<\/p>\n<p>&nbsp;<\/p>\n<p style=\"text-align: left;\">Si est\u00e1s interesado en conocer m\u00e1s sobre Reforma3\u00a0y lo que podemos ofrecer en reformas de oficinas en Madrid, no dudes en <a href=\"http:\/\/www.adryco.com\/presupuesto-reforma-integral\/\">solicitarnos presupuesto de tu reforma<\/a>. Es gratuito y sin compromiso.<\/p>\n<p style=\"text-align: center;\"><a class=\"button\" href=\"http:\/\/www.adryco.com\/presupuesto-reforma-integral\/\">Presupuesto Reformas Oficinas Madrid<\/a><\/p>\n<hr \/>\n<h3><\/h3>\n","protected":false},"excerpt":{"rendered":"<p>Compromiso en las reformas de oficinas En Reforma 3 somos profesionales y entendemos las necesidades de los profesionales. Sabemos que las reformas de oficinas son distintas y por eso, adem\u00e1s del compromiso habitual\u00a0de reforma integral,\u00a0en Reforma 3 te ofrecemos: Asesoramiento gratuito de la implantaci\u00f3n, con estudio de aprovechamiento \u00f3ptimo de los espacios y sus usos. [&hellip;]<\/p>\n","protected":false},"author":1,"featured_media":0,"parent":779,"menu_order":0,"comment_status":"closed","ping_status":"closed","template":"","meta":{"_monsterinsights_skip_tracking":false,"_monsterinsights_sitenote_active":false,"_monsterinsights_sitenote_note":"","_monsterinsights_sitenote_category":0,"footnotes":""},"class_list":{"0":"post-790","1":"page","2":"type-page","3":"status-publish","5":"entry","6":"has-post-thumbnail"},"yoast_head":"<!-- This site is optimized with the Yoast SEO plugin v26.6 - https:\/\/yoast.com\/wordpress\/plugins\/seo\/ -->\n<title>Reformas Oficinas Madrid | Reforma3<\/title>\n<meta name=\"description\" content=\"Reformas de oficinas en Madrid. Conocemos las necesidades de una empresa. Trabajos de profesional a profesional. No dudes en contactarnos sin compromiso.\" \/>\n<meta name=\"robots\" content=\"index, follow, max-snippet:-1, max-image-preview:large, max-video-preview:-1\" \/>\n<link rel=\"canonical\" href=\"https:\/\/www.adryco.com\/?page_id=790\" \/>\n<meta property=\"og:locale\" content=\"en_US\" \/>\n<meta property=\"og:type\" content=\"article\" \/>\n<meta property=\"og:title\" content=\"Reformas Oficinas Madrid | Reforma3\" \/>\n<meta property=\"og:description\" content=\"Reformas de oficinas en Madrid. Conocemos las necesidades de una empresa. Trabajos de profesional a profesional. No dudes en contactarnos sin compromiso.\" \/>\n<meta property=\"og:url\" content=\"https:\/\/www.adryco.com\/?page_id=790\" \/>\n<meta property=\"og:site_name\" content=\"Reforma 3\" \/>\n<meta property=\"article:modified_time\" content=\"2015-12-18T09:33:28+00:00\" \/>\n<meta property=\"og:image\" content=\"http:\/\/www.adryco.com\/wp-content\/uploads\/2015\/11\/featured_oficinas_65396910_S-300x194.jpg\" \/>\n<meta name=\"twitter:card\" content=\"summary_large_image\" \/>\n<meta name=\"twitter:label1\" content=\"Est. reading time\" \/>\n\t<meta name=\"twitter:data1\" content=\"1 minute\" \/>\n<script type=\"application\/ld+json\" class=\"yoast-schema-graph\">{\"@context\":\"https:\/\/schema.org\",\"@graph\":[{\"@type\":\"WebPage\",\"@id\":\"https:\/\/www.adryco.com\/?page_id=790\",\"url\":\"https:\/\/www.adryco.com\/?page_id=790\",\"name\":\"Reformas Oficinas Madrid | Reforma3\",\"isPartOf\":{\"@id\":\"https:\/\/www.adryco.com\/#website\"},\"primaryImageOfPage\":{\"@id\":\"https:\/\/www.adryco.com\/?page_id=790#primaryimage\"},\"image\":{\"@id\":\"https:\/\/www.adryco.com\/?page_id=790#primaryimage\"},\"thumbnailUrl\":\"http:\/\/www.adryco.com\/wp-content\/uploads\/2015\/11\/featured_oficinas_65396910_S-300x194.jpg\",\"datePublished\":\"2015-11-30T10:39:55+00:00\",\"dateModified\":\"2015-12-18T09:33:28+00:00\",\"description\":\"Reformas de oficinas en Madrid. Conocemos las necesidades de una empresa. Trabajos de profesional a profesional. No dudes en contactarnos sin compromiso.\",\"breadcrumb\":{\"@id\":\"https:\/\/www.adryco.com\/?page_id=790#breadcrumb\"},\"inLanguage\":\"en-US\",\"potentialAction\":[{\"@type\":\"ReadAction\",\"target\":[\"https:\/\/www.adryco.com\/?page_id=790\"]}]},{\"@type\":\"ImageObject\",\"inLanguage\":\"en-US\",\"@id\":\"https:\/\/www.adryco.com\/?page_id=790#primaryimage\",\"url\":\"https:\/\/www.adryco.com\/wp-content\/uploads\/2015\/11\/featured_oficinas_65396910_S.jpg\",\"contentUrl\":\"https:\/\/www.adryco.com\/wp-content\/uploads\/2015\/11\/featured_oficinas_65396910_S.jpg\",\"width\":862,\"height\":557,\"caption\":\"Oficinas y despachos\"},{\"@type\":\"BreadcrumbList\",\"@id\":\"https:\/\/www.adryco.com\/?page_id=790#breadcrumb\",\"itemListElement\":[{\"@type\":\"ListItem\",\"position\":1,\"name\":\"Home\",\"item\":\"https:\/\/www.adryco.com\/\"},{\"@type\":\"ListItem\",\"position\":2,\"name\":\"Reformas Integrales Madrid\",\"item\":\"https:\/\/www.adryco.com\/?page_id=779\"},{\"@type\":\"ListItem\",\"position\":3,\"name\":\"Reformas Oficinas Madrid\"}]},{\"@type\":\"WebSite\",\"@id\":\"https:\/\/www.adryco.com\/#website\",\"url\":\"https:\/\/www.adryco.com\/\",\"name\":\"Reforma 3\",\"description\":\"Reformas integrales de calidad\",\"potentialAction\":[{\"@type\":\"SearchAction\",\"target\":{\"@type\":\"EntryPoint\",\"urlTemplate\":\"https:\/\/www.adryco.com\/?s={search_term_string}\"},\"query-input\":{\"@type\":\"PropertyValueSpecification\",\"valueRequired\":true,\"valueName\":\"search_term_string\"}}],\"inLanguage\":\"en-US\"}]}<\/script>\n<!-- \/ Yoast SEO plugin. -->","yoast_head_json":{"title":"Reformas Oficinas Madrid | Reforma3","description":"Reformas de oficinas en Madrid. Conocemos las necesidades de una empresa. Trabajos de profesional a profesional. No dudes en contactarnos sin compromiso.","robots":{"index":"index","follow":"follow","max-snippet":"max-snippet:-1","max-image-preview":"max-image-preview:large","max-video-preview":"max-video-preview:-1"},"canonical":"https:\/\/www.adryco.com\/?page_id=790","og_locale":"en_US","og_type":"article","og_title":"Reformas Oficinas Madrid | Reforma3","og_description":"Reformas de oficinas en Madrid. Conocemos las necesidades de una empresa. Trabajos de profesional a profesional. No dudes en contactarnos sin compromiso.","og_url":"https:\/\/www.adryco.com\/?page_id=790","og_site_name":"Reforma 3","article_modified_time":"2015-12-18T09:33:28+00:00","og_image":[{"url":"http:\/\/www.adryco.com\/wp-content\/uploads\/2015\/11\/featured_oficinas_65396910_S-300x194.jpg","type":"","width":"","height":""}],"twitter_card":"summary_large_image","twitter_misc":{"Est. reading time":"1 minute"},"schema":{"@context":"https:\/\/schema.org","@graph":[{"@type":"WebPage","@id":"https:\/\/www.adryco.com\/?page_id=790","url":"https:\/\/www.adryco.com\/?page_id=790","name":"Reformas Oficinas Madrid | Reforma3","isPartOf":{"@id":"https:\/\/www.adryco.com\/#website"},"primaryImageOfPage":{"@id":"https:\/\/www.adryco.com\/?page_id=790#primaryimage"},"image":{"@id":"https:\/\/www.adryco.com\/?page_id=790#primaryimage"},"thumbnailUrl":"http:\/\/www.adryco.com\/wp-content\/uploads\/2015\/11\/featured_oficinas_65396910_S-300x194.jpg","datePublished":"2015-11-30T10:39:55+00:00","dateModified":"2015-12-18T09:33:28+00:00","description":"Reformas de oficinas en Madrid. Conocemos las necesidades de una empresa. Trabajos de profesional a profesional. No dudes en contactarnos sin compromiso.","breadcrumb":{"@id":"https:\/\/www.adryco.com\/?page_id=790#breadcrumb"},"inLanguage":"en-US","potentialAction":[{"@type":"ReadAction","target":["https:\/\/www.adryco.com\/?page_id=790"]}]},{"@type":"ImageObject","inLanguage":"en-US","@id":"https:\/\/www.adryco.com\/?page_id=790#primaryimage","url":"https:\/\/www.adryco.com\/wp-content\/uploads\/2015\/11\/featured_oficinas_65396910_S.jpg","contentUrl":"https:\/\/www.adryco.com\/wp-content\/uploads\/2015\/11\/featured_oficinas_65396910_S.jpg","width":862,"height":557,"caption":"Oficinas y despachos"},{"@type":"BreadcrumbList","@id":"https:\/\/www.adryco.com\/?page_id=790#breadcrumb","itemListElement":[{"@type":"ListItem","position":1,"name":"Home","item":"https:\/\/www.adryco.com\/"},{"@type":"ListItem","position":2,"name":"Reformas Integrales Madrid","item":"https:\/\/www.adryco.com\/?page_id=779"},{"@type":"ListItem","position":3,"name":"Reformas Oficinas Madrid"}]},{"@type":"WebSite","@id":"https:\/\/www.adryco.com\/#website","url":"https:\/\/www.adryco.com\/","name":"Reforma 3","description":"Reformas integrales de calidad","potentialAction":[{"@type":"SearchAction","target":{"@type":"EntryPoint","urlTemplate":"https:\/\/www.adryco.com\/?s={search_term_string}"},"query-input":{"@type":"PropertyValueSpecification","valueRequired":true,"valueName":"search_term_string"}}],"inLanguage":"en-US"}]}},"_links":{"self":[{"href":"https:\/\/www.adryco.com\/index.php?rest_route=\/wp\/v2\/pages\/790","targetHints":{"allow":["GET"]}}],"collection":[{"href":"https:\/\/www.adryco.com\/index.php?rest_route=\/wp\/v2\/pages"}],"about":[{"href":"https:\/\/www.adryco.com\/index.php?rest_route=\/wp\/v2\/types\/page"}],"author":[{"embeddable":true,"href":"https:\/\/www.adryco.com\/index.php?rest_route=\/wp\/v2\/users\/1"}],"replies":[{"embeddable":true,"href":"https:\/\/www.adryco.com\/index.php?rest_route=%2Fwp%2Fv2%2Fcomments&post=790"}],"version-history":[{"count":30,"href":"https:\/\/www.adryco.com\/index.php?rest_route=\/wp\/v2\/pages\/790\/revisions"}],"predecessor-version":[{"id":961,"href":"https:\/\/www.adryco.com\/index.php?rest_route=\/wp\/v2\/pages\/790\/revisions\/961"}],"up":[{"embeddable":true,"href":"https:\/\/www.adryco.com\/index.php?rest_route=\/wp\/v2\/pages\/779"}],"wp:attachment":[{"href":"https:\/\/www.adryco.com\/index.php?rest_route=%2Fwp%2Fv2%2Fmedia&parent=790"}],"curies":[{"name":"wp","href":"https:\/\/api.w.org\/{rel}","templated":true}]}}