{"id":794,"date":"2015-11-30T11:41:18","date_gmt":"2015-11-30T10:41:18","guid":{"rendered":"https:\/\/www.adryco.com\/?page_id=794"},"modified":"2015-12-18T11:10:02","modified_gmt":"2015-12-18T10:10:02","slug":"reformas-vip","status":"publish","type":"page","link":"https:\/\/www.adryco.com\/?page_id=794","title":{"rendered":"Reformas VIP"},"content":{"rendered":"<hr \/>\n<h3>No todas las reformas integrales son iguales<\/h3>\n<p>En Reforma3 sabemos que hay <strong>reformas que requieren de un cuidado especial:<\/strong> un inmueble delicado, un mobiliario con valor hist\u00f3rico, un trato con los clientes m\u00e1s exquisitos, &#8230; Son <strong>reformas integrales VIP<\/strong>, en las que hay que ir un paso m\u00e1s all\u00e1 para conseguir la mejor calidad y servicio.<\/p>\n<p>En Reforma3 estamos preparados para ello y por eso ofrecemos el servicio de <strong>Reforma VIP<\/strong>.<\/p>\n<hr \/>\n<h3>El mejor servicio de reforma VIP integral<\/h3>\n<p>En las reformas VIP siempre tendr\u00e1 con <strong>trato directo y personalizado con uno de los socios<\/strong> de la empresa. El ser\u00e1 su interlocutor a lo largo de todo el proceso.<\/p>\n<p><img loading=\"lazy\" decoding=\"async\" class=\"alignleft wp-image-758 size-medium\" src=\"http:\/\/www.adryco.com\/wp-content\/uploads\/2015\/11\/1051_01-lavabo-dise\u00f1o-encimera-cristal-200x300.jpg\" alt=\"Lavabo dise\u00f1o con encimera cristal en reforma de ba\u00f1o\" width=\"200\" height=\"300\" srcset=\"https:\/\/www.adryco.com\/wp-content\/uploads\/2015\/11\/1051_01-lavabo-dise\u00f1o-encimera-cristal-200x300.jpg 200w, https:\/\/www.adryco.com\/wp-content\/uploads\/2015\/11\/1051_01-lavabo-dise\u00f1o-encimera-cristal-682x1024.jpg 682w, https:\/\/www.adryco.com\/wp-content\/uploads\/2015\/11\/1051_01-lavabo-dise\u00f1o-encimera-cristal.jpg 1333w\" sizes=\"auto, (max-width: 200px) 100vw, 200px\" \/><\/p>\n<p>Adem\u00e1s siempre empleamos para la supervisi\u00f3n de los trabajos <strong>personal seleccionado y entrenado<\/strong> de la m\u00e1xima confianza de la empresa.<\/p>\n<p>La custodia de llaves de la vivienda se hace siempre por parte de dicho personal exclusivamente.<\/p>\n<p>Elaboramos los Proyectos T\u00e9cnicos necesarios y gestionamos las licencias ante el Ayuntamiento en nombre del cliente.<\/p>\n<p>Ofrecemos <strong>proyectos de Decoraci\u00f3n y amueblamiento<\/strong> con estudios de decoraci\u00f3n de interiores especializados y de nuestra m\u00e1xima confianza.<\/p>\n<p>&nbsp;<\/p>\n<hr \/>\n<h3>La mejor reforma integral requiere estar a la \u00faltima<\/h3>\n<p>En Reforma3 nos mantenemos al d\u00eda de las \u00faltimas tecnolog\u00edas para ofrecerte lo mejor en tu reforma VIP:<\/p>\n<p><img loading=\"lazy\" decoding=\"async\" class=\"alignright wp-image-731 size-medium\" src=\"http:\/\/www.adryco.com\/wp-content\/uploads\/2015\/11\/1051_24-dormitorio-juvenil-papel-decorativo-chalet-madrid-200x300.jpg\" alt=\"Dormitorio juvenil con papel decorativo en chalet de Madrid\" width=\"200\" height=\"300\" srcset=\"https:\/\/www.adryco.com\/wp-content\/uploads\/2015\/11\/1051_24-dormitorio-juvenil-papel-decorativo-chalet-madrid-200x300.jpg 200w, https:\/\/www.adryco.com\/wp-content\/uploads\/2015\/11\/1051_24-dormitorio-juvenil-papel-decorativo-chalet-madrid-682x1024.jpg 682w, https:\/\/www.adryco.com\/wp-content\/uploads\/2015\/11\/1051_24-dormitorio-juvenil-papel-decorativo-chalet-madrid.jpg 1333w\" sizes=\"auto, (max-width: 200px) 100vw, 200px\" \/><\/p>\n<ul>\n<li><strong>Personal shopper<\/strong> para la elecci\u00f3n de materiales y acabados.<\/li>\n<li>Experiencia en trabajos con los <strong>materiales de m\u00e1ximas prestaciones y m\u00e1s alta calidad<\/strong>.<\/li>\n<li>Sistemas de <strong>sonido de alta fidelidad<\/strong> por toda la casa.<\/li>\n<li>Servicio de <strong>Personal Lighting Designer<\/strong> para el estudio de la iluminaci\u00f3n de la vivienda.<\/li>\n<li>Iluminaci\u00f3n programada por escenas y estancias.<\/li>\n<li><strong>Dom\u00f3tica<\/strong> de apertura y cerrado de persianas y cierres de seguridad.<\/li>\n<li><strong>Extensiones de red WIFI<\/strong> por toda la vivienda y exteriores.<\/li>\n<li>Climatizaci\u00f3n inteligente por <strong>aerotermia, geotermia<\/strong> o tradicional para suelos radiantes y refrigerantes.<\/li>\n<\/ul>\n<p>&nbsp;<\/p>\n<hr \/>\n<h3>Vamos aun m\u00e1s all\u00e1<\/h3>\n<p>Si quieres te podemos ofrecerte estos otros servicio de valor a\u00f1adido para las Reformas VIP:<\/p>\n<p><img loading=\"lazy\" decoding=\"async\" class=\"alignleft wp-image-741 size-medium\" src=\"http:\/\/www.adryco.com\/wp-content\/uploads\/2015\/11\/1133_08-reforma-cocina-piso-madrid-todo-blanco-200x300.jpg\" alt=\"Reforma cocina piso en Madrid todo blanco\" width=\"200\" height=\"300\" srcset=\"https:\/\/www.adryco.com\/wp-content\/uploads\/2015\/11\/1133_08-reforma-cocina-piso-madrid-todo-blanco-200x300.jpg 200w, https:\/\/www.adryco.com\/wp-content\/uploads\/2015\/11\/1133_08-reforma-cocina-piso-madrid-todo-blanco-682x1024.jpg 682w, https:\/\/www.adryco.com\/wp-content\/uploads\/2015\/11\/1133_08-reforma-cocina-piso-madrid-todo-blanco.jpg 1333w\" sizes=\"auto, (max-width: 200px) 100vw, 200px\" \/><\/p>\n<ul>\n<li><strong>Gesti\u00f3n de acometidas<\/strong> en nombre del cliente con las compa\u00f1\u00edas suministradoras.<\/li>\n<li>Alta o <strong>traslado de los servicios de agua, luz y gas<\/strong> para el cliente.<\/li>\n<li>Coordinaci\u00f3n con las empresas de seguridad y alarmas.<\/li>\n<li><strong>Servicio de limpieza<\/strong> final de obra.<\/li>\n<li>Atenci\u00f3n post-venta 24-48 horas.<\/li>\n<\/ul>\n<p>&nbsp;<\/p>\n<p>&nbsp;<\/p>\n<p>&nbsp;<\/p>\n<p>Si quieres conocer m\u00e1s sobre porqu\u00e9 nuestras reformas VIP son especiales, no dudes en solicitar una visita y <a href=\"http:\/\/www.adryco.com\/presupuesto-reforma-integral\/\">presupuesto de tu reforma VIP<\/a> sin compromiso.<\/p>\n<p style=\"text-align: center;\"><a class=\"button\" href=\"http:\/\/www.adryco.com\/presupuesto-reforma-integral\/\">Presupuesto Reforma VIP<\/a><\/p>\n","protected":false},"excerpt":{"rendered":"<p>No todas las reformas integrales son iguales En Reforma3 sabemos que hay reformas que requieren de un cuidado especial: un inmueble delicado, un mobiliario con valor hist\u00f3rico, un trato con los clientes m\u00e1s exquisitos, &#8230; Son reformas integrales VIP, en las que hay que ir un paso m\u00e1s all\u00e1 para conseguir la mejor calidad y [&hellip;]<\/p>\n","protected":false},"author":1,"featured_media":0,"parent":779,"menu_order":0,"comment_status":"closed","ping_status":"closed","template":"","meta":{"_monsterinsights_skip_tracking":false,"_monsterinsights_sitenote_active":false,"_monsterinsights_sitenote_note":"","_monsterinsights_sitenote_category":0,"footnotes":""},"class_list":{"0":"post-794","1":"page","2":"type-page","3":"status-publish","5":"entry"},"yoast_head":"<!-- This site is optimized with the Yoast SEO plugin v26.6 - https:\/\/yoast.com\/wordpress\/plugins\/seo\/ -->\n<title>Reformas VIP | Reforma3<\/title>\n<meta name=\"description\" content=\"Reformas VIP, que requieren un cuidado especial y una atenci\u00f3n personalizada de alta calidad. Si tienes una reforma VIP especial contacta con nosotros.\u00a0\" \/>\n<meta name=\"robots\" content=\"index, follow, max-snippet:-1, max-image-preview:large, max-video-preview:-1\" \/>\n<link rel=\"canonical\" href=\"https:\/\/www.adryco.com\/?page_id=794\" \/>\n<meta property=\"og:locale\" content=\"en_US\" \/>\n<meta property=\"og:type\" content=\"article\" \/>\n<meta property=\"og:title\" content=\"Reformas VIP | Reforma3\" \/>\n<meta property=\"og:description\" content=\"Reformas VIP, que requieren un cuidado especial y una atenci\u00f3n personalizada de alta calidad. Si tienes una reforma VIP especial contacta con nosotros.\u00a0\" \/>\n<meta property=\"og:url\" content=\"https:\/\/www.adryco.com\/?page_id=794\" \/>\n<meta property=\"og:site_name\" content=\"Reforma 3\" \/>\n<meta property=\"article:modified_time\" content=\"2015-12-18T10:10:02+00:00\" \/>\n<meta property=\"og:image\" content=\"http:\/\/www.adryco.com\/wp-content\/uploads\/2015\/11\/1051_24-dormitorio-juvenil-papel-decorativo-chalet-madrid-200x300.jpg\" \/>\n<meta name=\"twitter:card\" content=\"summary_large_image\" \/>\n<meta name=\"twitter:label1\" content=\"Est. reading time\" \/>\n\t<meta name=\"twitter:data1\" content=\"2 minutes\" \/>\n<script type=\"application\/ld+json\" class=\"yoast-schema-graph\">{\"@context\":\"https:\/\/schema.org\",\"@graph\":[{\"@type\":\"WebPage\",\"@id\":\"https:\/\/www.adryco.com\/?page_id=794\",\"url\":\"https:\/\/www.adryco.com\/?page_id=794\",\"name\":\"Reformas VIP | Reforma3\",\"isPartOf\":{\"@id\":\"https:\/\/www.adryco.com\/#website\"},\"primaryImageOfPage\":{\"@id\":\"https:\/\/www.adryco.com\/?page_id=794#primaryimage\"},\"image\":{\"@id\":\"https:\/\/www.adryco.com\/?page_id=794#primaryimage\"},\"thumbnailUrl\":\"http:\/\/www.adryco.com\/wp-content\/uploads\/2015\/11\/1051_24-dormitorio-juvenil-papel-decorativo-chalet-madrid-200x300.jpg\",\"datePublished\":\"2015-11-30T10:41:18+00:00\",\"dateModified\":\"2015-12-18T10:10:02+00:00\",\"description\":\"Reformas VIP, que requieren un cuidado especial y una atenci\u00f3n personalizada de alta calidad. Si tienes una reforma VIP especial contacta con nosotros.\u00a0\",\"breadcrumb\":{\"@id\":\"https:\/\/www.adryco.com\/?page_id=794#breadcrumb\"},\"inLanguage\":\"en-US\",\"potentialAction\":[{\"@type\":\"ReadAction\",\"target\":[\"https:\/\/www.adryco.com\/?page_id=794\"]}]},{\"@type\":\"ImageObject\",\"inLanguage\":\"en-US\",\"@id\":\"https:\/\/www.adryco.com\/?page_id=794#primaryimage\",\"url\":\"https:\/\/www.adryco.com\/wp-content\/uploads\/2015\/11\/1051_24-dormitorio-juvenil-papel-decorativo-chalet-madrid.jpg\",\"contentUrl\":\"https:\/\/www.adryco.com\/wp-content\/uploads\/2015\/11\/1051_24-dormitorio-juvenil-papel-decorativo-chalet-madrid.jpg\",\"width\":1333,\"height\":2000,\"caption\":\"Dormitorio juvenil con papel decorativo en chalet de Madrid\"},{\"@type\":\"BreadcrumbList\",\"@id\":\"https:\/\/www.adryco.com\/?page_id=794#breadcrumb\",\"itemListElement\":[{\"@type\":\"ListItem\",\"position\":1,\"name\":\"Home\",\"item\":\"https:\/\/www.adryco.com\/\"},{\"@type\":\"ListItem\",\"position\":2,\"name\":\"Reformas Integrales Madrid\",\"item\":\"https:\/\/www.adryco.com\/?page_id=779\"},{\"@type\":\"ListItem\",\"position\":3,\"name\":\"Reformas VIP\"}]},{\"@type\":\"WebSite\",\"@id\":\"https:\/\/www.adryco.com\/#website\",\"url\":\"https:\/\/www.adryco.com\/\",\"name\":\"Reforma 3\",\"description\":\"Reformas integrales de calidad\",\"potentialAction\":[{\"@type\":\"SearchAction\",\"target\":{\"@type\":\"EntryPoint\",\"urlTemplate\":\"https:\/\/www.adryco.com\/?s={search_term_string}\"},\"query-input\":{\"@type\":\"PropertyValueSpecification\",\"valueRequired\":true,\"valueName\":\"search_term_string\"}}],\"inLanguage\":\"en-US\"}]}<\/script>\n<!-- \/ Yoast SEO plugin. -->","yoast_head_json":{"title":"Reformas VIP | Reforma3","description":"Reformas VIP, que requieren un cuidado especial y una atenci\u00f3n personalizada de alta calidad. Si tienes una reforma VIP especial contacta con nosotros.\u00a0","robots":{"index":"index","follow":"follow","max-snippet":"max-snippet:-1","max-image-preview":"max-image-preview:large","max-video-preview":"max-video-preview:-1"},"canonical":"https:\/\/www.adryco.com\/?page_id=794","og_locale":"en_US","og_type":"article","og_title":"Reformas VIP | Reforma3","og_description":"Reformas VIP, que requieren un cuidado especial y una atenci\u00f3n personalizada de alta calidad. Si tienes una reforma VIP especial contacta con nosotros.\u00a0","og_url":"https:\/\/www.adryco.com\/?page_id=794","og_site_name":"Reforma 3","article_modified_time":"2015-12-18T10:10:02+00:00","og_image":[{"url":"http:\/\/www.adryco.com\/wp-content\/uploads\/2015\/11\/1051_24-dormitorio-juvenil-papel-decorativo-chalet-madrid-200x300.jpg","type":"","width":"","height":""}],"twitter_card":"summary_large_image","twitter_misc":{"Est. reading time":"2 minutes"},"schema":{"@context":"https:\/\/schema.org","@graph":[{"@type":"WebPage","@id":"https:\/\/www.adryco.com\/?page_id=794","url":"https:\/\/www.adryco.com\/?page_id=794","name":"Reformas VIP | Reforma3","isPartOf":{"@id":"https:\/\/www.adryco.com\/#website"},"primaryImageOfPage":{"@id":"https:\/\/www.adryco.com\/?page_id=794#primaryimage"},"image":{"@id":"https:\/\/www.adryco.com\/?page_id=794#primaryimage"},"thumbnailUrl":"http:\/\/www.adryco.com\/wp-content\/uploads\/2015\/11\/1051_24-dormitorio-juvenil-papel-decorativo-chalet-madrid-200x300.jpg","datePublished":"2015-11-30T10:41:18+00:00","dateModified":"2015-12-18T10:10:02+00:00","description":"Reformas VIP, que requieren un cuidado especial y una atenci\u00f3n personalizada de alta calidad. Si tienes una reforma VIP especial contacta con nosotros.\u00a0","breadcrumb":{"@id":"https:\/\/www.adryco.com\/?page_id=794#breadcrumb"},"inLanguage":"en-US","potentialAction":[{"@type":"ReadAction","target":["https:\/\/www.adryco.com\/?page_id=794"]}]},{"@type":"ImageObject","inLanguage":"en-US","@id":"https:\/\/www.adryco.com\/?page_id=794#primaryimage","url":"https:\/\/www.adryco.com\/wp-content\/uploads\/2015\/11\/1051_24-dormitorio-juvenil-papel-decorativo-chalet-madrid.jpg","contentUrl":"https:\/\/www.adryco.com\/wp-content\/uploads\/2015\/11\/1051_24-dormitorio-juvenil-papel-decorativo-chalet-madrid.jpg","width":1333,"height":2000,"caption":"Dormitorio juvenil con papel decorativo en chalet de Madrid"},{"@type":"BreadcrumbList","@id":"https:\/\/www.adryco.com\/?page_id=794#breadcrumb","itemListElement":[{"@type":"ListItem","position":1,"name":"Home","item":"https:\/\/www.adryco.com\/"},{"@type":"ListItem","position":2,"name":"Reformas Integrales Madrid","item":"https:\/\/www.adryco.com\/?page_id=779"},{"@type":"ListItem","position":3,"name":"Reformas VIP"}]},{"@type":"WebSite","@id":"https:\/\/www.adryco.com\/#website","url":"https:\/\/www.adryco.com\/","name":"Reforma 3","description":"Reformas integrales de calidad","potentialAction":[{"@type":"SearchAction","target":{"@type":"EntryPoint","urlTemplate":"https:\/\/www.adryco.com\/?s={search_term_string}"},"query-input":{"@type":"PropertyValueSpecification","valueRequired":true,"valueName":"search_term_string"}}],"inLanguage":"en-US"}]}},"_links":{"self":[{"href":"https:\/\/www.adryco.com\/index.php?rest_route=\/wp\/v2\/pages\/794","targetHints":{"allow":["GET"]}}],"collection":[{"href":"https:\/\/www.adryco.com\/index.php?rest_route=\/wp\/v2\/pages"}],"about":[{"href":"https:\/\/www.adryco.com\/index.php?rest_route=\/wp\/v2\/types\/page"}],"author":[{"embeddable":true,"href":"https:\/\/www.adryco.com\/index.php?rest_route=\/wp\/v2\/users\/1"}],"replies":[{"embeddable":true,"href":"https:\/\/www.adryco.com\/index.php?rest_route=%2Fwp%2Fv2%2Fcomments&post=794"}],"version-history":[{"count":14,"href":"https:\/\/www.adryco.com\/index.php?rest_route=\/wp\/v2\/pages\/794\/revisions"}],"predecessor-version":[{"id":973,"href":"https:\/\/www.adryco.com\/index.php?rest_route=\/wp\/v2\/pages\/794\/revisions\/973"}],"up":[{"embeddable":true,"href":"https:\/\/www.adryco.com\/index.php?rest_route=\/wp\/v2\/pages\/779"}],"wp:attachment":[{"href":"https:\/\/www.adryco.com\/index.php?rest_route=%2Fwp%2Fv2%2Fmedia&parent=794"}],"curies":[{"name":"wp","href":"https:\/\/api.w.org\/{rel}","templated":true}]}}