{"id":799,"date":"2015-11-30T11:43:25","date_gmt":"2015-11-30T10:43:25","guid":{"rendered":"https:\/\/www.adryco.com\/?page_id=799"},"modified":"2015-12-18T11:48:47","modified_gmt":"2015-12-18T10:48:47","slug":"reforma-chalet","status":"publish","type":"page","link":"https:\/\/www.adryco.com\/?page_id=799","title":{"rendered":"Reforma Chalet"},"content":{"rendered":"<hr \/>\n<p>Las <strong>reformas de chalets<\/strong> permiten realizar un abanico mucho m\u00e1s amplio de actuaciones. Cosas que en un piso no ser\u00edan posibles.<\/p>\n<p>En Reforma3 ofrecemos el mismo <a href=\"http:\/\/www.adryco.com\/reformas-integrales-madrid\/\">servicio de\u00a0reforma integral de siempre<\/a>\u00a0a\u00f1adiendo todos los beneficios de la reforma de\u00a0un\u00a0chalet.<\/p>\n<hr \/>\n<h3>Reforma de chalet: Las parcelas y obras exteriores<\/h3>\n<p>En un chalet disponemos de una parcela en la que podemos actuar de muchas formas diferentes.<\/p>\n<p><img loading=\"lazy\" decoding=\"async\" class=\"alignright wp-image-117 size-medium\" src=\"http:\/\/www.adryco.com\/wp-content\/uploads\/2015\/11\/featured_piscina_92302401_S-300x200.jpg\" alt=\"Fotos de trabajos de piscinas\" width=\"300\" height=\"200\" srcset=\"https:\/\/www.adryco.com\/wp-content\/uploads\/2015\/11\/featured_piscina_92302401_S-300x200.jpg 300w, https:\/\/www.adryco.com\/wp-content\/uploads\/2015\/11\/featured_piscina_92302401_S.jpg 849w\" sizes=\"auto, (max-width: 300px) 100vw, 300px\" \/><\/p>\n<ul>\n<li>Acondicionar una parte de la parcela con un solado para disponer de <strong>espacio extra de terraza<\/strong>.<\/li>\n<li>Construir una <strong>piscina<\/strong>.<span style=\"color: #ff0000;\">\u00a0<\/span><\/li>\n<li>Hacer un espacio de <strong>parque juegos infantiles<\/strong> para los m\u00e1s peque\u00f1os.<\/li>\n<li><strong>Ampliar nuestra casa<\/strong> con una estructura dando espacio extra a la vivienda.<\/li>\n<li>Reorganizar el jard\u00edn y a\u00f1adir <strong>iluminaci\u00f3n de exteriores<\/strong><\/li>\n<\/ul>\n<p>En nuestra <a href=\"http:\/\/www.adryco.com\/piscinas-y-exteriores\/\">galer\u00eda de fotos de trabajos de piscinas y exteriores<\/a> puedes encontrar ejemplos de mejoras en la parcelas en la reforma de tu chalet.<\/p>\n<hr \/>\n<h3>Fachadas e interiores en reformas de chalets<\/h3>\n<p>Pero la ventajas de un chalet no acaban en la parcela. En el interior, la distribuci\u00f3n varias plantas nos brinda una oportunidad excepcional para jugar con elementos decorativos tan importantes como son <strong>las escaleras<\/strong>. En nuestra <a href=\"http:\/\/www.adryco.com\/escaleras\/\">galer\u00eda de fotos de escaleras<\/a> puedes ver ejemplos de como reformar este elemento tan relevante en nuestra casa.<\/p>\n<p><img loading=\"lazy\" decoding=\"async\" class=\"alignleft wp-image-701 size-medium\" src=\"http:\/\/www.adryco.com\/wp-content\/uploads\/2015\/11\/1133_24-reforma-chalet-ampliacion-huecos-fachada-300x200.jpg\" alt=\"Ampliaci\u00f3n huecos de fachada en reforma de chalet\" width=\"300\" height=\"200\" srcset=\"https:\/\/www.adryco.com\/wp-content\/uploads\/2015\/11\/1133_24-reforma-chalet-ampliacion-huecos-fachada-300x200.jpg 300w, https:\/\/www.adryco.com\/wp-content\/uploads\/2015\/11\/1133_24-reforma-chalet-ampliacion-huecos-fachada-1024x682.jpg 1024w, https:\/\/www.adryco.com\/wp-content\/uploads\/2015\/11\/1133_24-reforma-chalet-ampliacion-huecos-fachada.jpg 2000w\" sizes=\"auto, (max-width: 300px) 100vw, 300px\" \/><\/p>\n<p>Tambi\u00e9n podemos <strong>aumentar la luz natural de nuestra vivienda<\/strong> ampliando los huecos de ventana en la fachada. Este tipo de obras especiales en los que entran en juego la estructura de las vivienda son otra de las especialidades de Reforma3. Puedes ver nuestra <a href=\"http:\/\/www.adryco.com\/obras-especiales-y-estructuras\/\">galer\u00eda de trabajos especiales y estructuras<\/a> para conocer m\u00e1s sobre ellos.<\/p>\n<p>Las instalaciones tambi\u00e9n son un elemento diferenciador de la reforma de un chalet. Un ejemplo es la <strong>instalaci\u00f3n de paneles solares<\/strong> para conseguir un importante ahorro energ\u00e9tico y en la factura del gas.<\/p>\n<hr \/>\n<h3>Tambien construcci\u00f3n de chalets completa desde cero<\/h3>\n<p>En Reforma3 no solo hacemos reformas de chalets. Tambi\u00e9n ejecutamos la obra de tu chalet completa desde cero.<\/p>\n<p><img loading=\"lazy\" decoding=\"async\" class=\"alignright wp-image-679 size-medium\" src=\"http:\/\/www.adryco.com\/wp-content\/uploads\/2015\/11\/0004_04-piscina-casa-finca-300x199.jpg\" alt=\"\" width=\"300\" height=\"199\" srcset=\"https:\/\/www.adryco.com\/wp-content\/uploads\/2015\/11\/0004_04-piscina-casa-finca-300x199.jpg 300w, https:\/\/www.adryco.com\/wp-content\/uploads\/2015\/11\/0004_04-piscina-casa-finca-1024x680.jpg 1024w, https:\/\/www.adryco.com\/wp-content\/uploads\/2015\/11\/0004_04-piscina-casa-finca.jpg 2000w\" sizes=\"auto, (max-width: 300px) 100vw, 300px\" \/><\/p>\n<p>Podemos hacer el proyecto de tu nueva vivienda y luego construirla desde los cimientos hasta entregarte la obra llave en mano.<\/p>\n<p>En Reforma3 somos arquitectos e ingenieros y podemos ofrecerte los proyectos y gesti\u00f3n de licencias para la construccion de tu nuevo chalet.<\/p>\n<p>&nbsp;<\/p>\n<p style=\"text-align: left;\">No dudes en contactar para saber m\u00e1s sobre como trabajamos y\u00a0<a href=\"http:\/\/www.adryco.com\/presupuesto-reforma-integral\/\">solicitarnos presupuesto<\/a>. Es gratuito y sin compromiso.<\/p>\n<p style=\"text-align: center;\"><a class=\"button\" href=\"http:\/\/www.adryco.com\/presupuesto-reforma-integral\/\">Presupuesto Reforma Chalet<\/a><\/p>\n","protected":false},"excerpt":{"rendered":"<p>Las reformas de chalets permiten realizar un abanico mucho m\u00e1s amplio de actuaciones. Cosas que en un piso no ser\u00edan posibles. En Reforma3 ofrecemos el mismo servicio de\u00a0reforma integral de siempre\u00a0a\u00f1adiendo todos los beneficios de la reforma de\u00a0un\u00a0chalet. Reforma de chalet: Las parcelas y obras exteriores En un chalet disponemos de una parcela en la [&hellip;]<\/p>\n","protected":false},"author":1,"featured_media":0,"parent":779,"menu_order":0,"comment_status":"closed","ping_status":"closed","template":"","meta":{"_monsterinsights_skip_tracking":false,"_monsterinsights_sitenote_active":false,"_monsterinsights_sitenote_note":"","_monsterinsights_sitenote_category":0,"footnotes":""},"class_list":{"0":"post-799","1":"page","2":"type-page","3":"status-publish","5":"entry","6":"has-post-thumbnail"},"yoast_head":"<!-- This site is optimized with the Yoast SEO plugin v26.6 - https:\/\/yoast.com\/wordpress\/plugins\/seo\/ -->\n<title>Reforma Chalet | Reforma 3<\/title>\n<meta name=\"description\" content=\"Saca todo el partido a la reforma de tu chalet con el asesoramiento de una empresa profesional. Piscinas, ampliaciones y muchos m\u00e1s. Contacta con nosotros.\" \/>\n<meta name=\"robots\" content=\"index, follow, max-snippet:-1, max-image-preview:large, max-video-preview:-1\" \/>\n<link rel=\"canonical\" href=\"https:\/\/www.adryco.com\/?page_id=799\" \/>\n<meta property=\"og:locale\" content=\"en_US\" \/>\n<meta property=\"og:type\" content=\"article\" \/>\n<meta property=\"og:title\" content=\"Reforma Chalet | Reforma 3\" \/>\n<meta property=\"og:description\" content=\"Saca todo el partido a la reforma de tu chalet con el asesoramiento de una empresa profesional. Piscinas, ampliaciones y muchos m\u00e1s. Contacta con nosotros.\" \/>\n<meta property=\"og:url\" content=\"https:\/\/www.adryco.com\/?page_id=799\" \/>\n<meta property=\"og:site_name\" content=\"Reforma 3\" \/>\n<meta property=\"article:modified_time\" content=\"2015-12-18T10:48:47+00:00\" \/>\n<meta property=\"og:image\" content=\"http:\/\/www.adryco.com\/wp-content\/uploads\/2015\/11\/featured_piscina_92302401_S-300x200.jpg\" \/>\n<meta name=\"twitter:card\" content=\"summary_large_image\" \/>\n<meta name=\"twitter:label1\" content=\"Est. reading time\" \/>\n\t<meta name=\"twitter:data1\" content=\"2 minutes\" \/>\n<script type=\"application\/ld+json\" class=\"yoast-schema-graph\">{\"@context\":\"https:\/\/schema.org\",\"@graph\":[{\"@type\":\"WebPage\",\"@id\":\"https:\/\/www.adryco.com\/?page_id=799\",\"url\":\"https:\/\/www.adryco.com\/?page_id=799\",\"name\":\"Reforma Chalet | Reforma 3\",\"isPartOf\":{\"@id\":\"https:\/\/www.adryco.com\/#website\"},\"primaryImageOfPage\":{\"@id\":\"https:\/\/www.adryco.com\/?page_id=799#primaryimage\"},\"image\":{\"@id\":\"https:\/\/www.adryco.com\/?page_id=799#primaryimage\"},\"thumbnailUrl\":\"http:\/\/www.adryco.com\/wp-content\/uploads\/2015\/11\/featured_piscina_92302401_S-300x200.jpg\",\"datePublished\":\"2015-11-30T10:43:25+00:00\",\"dateModified\":\"2015-12-18T10:48:47+00:00\",\"description\":\"Saca todo el partido a la reforma de tu chalet con el asesoramiento de una empresa profesional. Piscinas, ampliaciones y muchos m\u00e1s. Contacta con nosotros.\",\"breadcrumb\":{\"@id\":\"https:\/\/www.adryco.com\/?page_id=799#breadcrumb\"},\"inLanguage\":\"en-US\",\"potentialAction\":[{\"@type\":\"ReadAction\",\"target\":[\"https:\/\/www.adryco.com\/?page_id=799\"]}]},{\"@type\":\"ImageObject\",\"inLanguage\":\"en-US\",\"@id\":\"https:\/\/www.adryco.com\/?page_id=799#primaryimage\",\"url\":\"https:\/\/www.adryco.com\/wp-content\/uploads\/2015\/11\/featured_piscina_92302401_S.jpg\",\"contentUrl\":\"https:\/\/www.adryco.com\/wp-content\/uploads\/2015\/11\/featured_piscina_92302401_S.jpg\",\"width\":849,\"height\":566,\"caption\":\"Piscinas y obras exteriores\"},{\"@type\":\"BreadcrumbList\",\"@id\":\"https:\/\/www.adryco.com\/?page_id=799#breadcrumb\",\"itemListElement\":[{\"@type\":\"ListItem\",\"position\":1,\"name\":\"Home\",\"item\":\"https:\/\/www.adryco.com\/\"},{\"@type\":\"ListItem\",\"position\":2,\"name\":\"Reformas Integrales Madrid\",\"item\":\"https:\/\/www.adryco.com\/?page_id=779\"},{\"@type\":\"ListItem\",\"position\":3,\"name\":\"Reforma Chalet\"}]},{\"@type\":\"WebSite\",\"@id\":\"https:\/\/www.adryco.com\/#website\",\"url\":\"https:\/\/www.adryco.com\/\",\"name\":\"Reforma 3\",\"description\":\"Reformas integrales de calidad\",\"potentialAction\":[{\"@type\":\"SearchAction\",\"target\":{\"@type\":\"EntryPoint\",\"urlTemplate\":\"https:\/\/www.adryco.com\/?s={search_term_string}\"},\"query-input\":{\"@type\":\"PropertyValueSpecification\",\"valueRequired\":true,\"valueName\":\"search_term_string\"}}],\"inLanguage\":\"en-US\"}]}<\/script>\n<!-- \/ Yoast SEO plugin. -->","yoast_head_json":{"title":"Reforma Chalet | Reforma 3","description":"Saca todo el partido a la reforma de tu chalet con el asesoramiento de una empresa profesional. Piscinas, ampliaciones y muchos m\u00e1s. Contacta con nosotros.","robots":{"index":"index","follow":"follow","max-snippet":"max-snippet:-1","max-image-preview":"max-image-preview:large","max-video-preview":"max-video-preview:-1"},"canonical":"https:\/\/www.adryco.com\/?page_id=799","og_locale":"en_US","og_type":"article","og_title":"Reforma Chalet | Reforma 3","og_description":"Saca todo el partido a la reforma de tu chalet con el asesoramiento de una empresa profesional. Piscinas, ampliaciones y muchos m\u00e1s. Contacta con nosotros.","og_url":"https:\/\/www.adryco.com\/?page_id=799","og_site_name":"Reforma 3","article_modified_time":"2015-12-18T10:48:47+00:00","og_image":[{"url":"http:\/\/www.adryco.com\/wp-content\/uploads\/2015\/11\/featured_piscina_92302401_S-300x200.jpg","type":"","width":"","height":""}],"twitter_card":"summary_large_image","twitter_misc":{"Est. reading time":"2 minutes"},"schema":{"@context":"https:\/\/schema.org","@graph":[{"@type":"WebPage","@id":"https:\/\/www.adryco.com\/?page_id=799","url":"https:\/\/www.adryco.com\/?page_id=799","name":"Reforma Chalet | Reforma 3","isPartOf":{"@id":"https:\/\/www.adryco.com\/#website"},"primaryImageOfPage":{"@id":"https:\/\/www.adryco.com\/?page_id=799#primaryimage"},"image":{"@id":"https:\/\/www.adryco.com\/?page_id=799#primaryimage"},"thumbnailUrl":"http:\/\/www.adryco.com\/wp-content\/uploads\/2015\/11\/featured_piscina_92302401_S-300x200.jpg","datePublished":"2015-11-30T10:43:25+00:00","dateModified":"2015-12-18T10:48:47+00:00","description":"Saca todo el partido a la reforma de tu chalet con el asesoramiento de una empresa profesional. Piscinas, ampliaciones y muchos m\u00e1s. Contacta con nosotros.","breadcrumb":{"@id":"https:\/\/www.adryco.com\/?page_id=799#breadcrumb"},"inLanguage":"en-US","potentialAction":[{"@type":"ReadAction","target":["https:\/\/www.adryco.com\/?page_id=799"]}]},{"@type":"ImageObject","inLanguage":"en-US","@id":"https:\/\/www.adryco.com\/?page_id=799#primaryimage","url":"https:\/\/www.adryco.com\/wp-content\/uploads\/2015\/11\/featured_piscina_92302401_S.jpg","contentUrl":"https:\/\/www.adryco.com\/wp-content\/uploads\/2015\/11\/featured_piscina_92302401_S.jpg","width":849,"height":566,"caption":"Piscinas y obras exteriores"},{"@type":"BreadcrumbList","@id":"https:\/\/www.adryco.com\/?page_id=799#breadcrumb","itemListElement":[{"@type":"ListItem","position":1,"name":"Home","item":"https:\/\/www.adryco.com\/"},{"@type":"ListItem","position":2,"name":"Reformas Integrales Madrid","item":"https:\/\/www.adryco.com\/?page_id=779"},{"@type":"ListItem","position":3,"name":"Reforma Chalet"}]},{"@type":"WebSite","@id":"https:\/\/www.adryco.com\/#website","url":"https:\/\/www.adryco.com\/","name":"Reforma 3","description":"Reformas integrales de calidad","potentialAction":[{"@type":"SearchAction","target":{"@type":"EntryPoint","urlTemplate":"https:\/\/www.adryco.com\/?s={search_term_string}"},"query-input":{"@type":"PropertyValueSpecification","valueRequired":true,"valueName":"search_term_string"}}],"inLanguage":"en-US"}]}},"_links":{"self":[{"href":"https:\/\/www.adryco.com\/index.php?rest_route=\/wp\/v2\/pages\/799","targetHints":{"allow":["GET"]}}],"collection":[{"href":"https:\/\/www.adryco.com\/index.php?rest_route=\/wp\/v2\/pages"}],"about":[{"href":"https:\/\/www.adryco.com\/index.php?rest_route=\/wp\/v2\/types\/page"}],"author":[{"embeddable":true,"href":"https:\/\/www.adryco.com\/index.php?rest_route=\/wp\/v2\/users\/1"}],"replies":[{"embeddable":true,"href":"https:\/\/www.adryco.com\/index.php?rest_route=%2Fwp%2Fv2%2Fcomments&post=799"}],"version-history":[{"count":17,"href":"https:\/\/www.adryco.com\/index.php?rest_route=\/wp\/v2\/pages\/799\/revisions"}],"predecessor-version":[{"id":977,"href":"https:\/\/www.adryco.com\/index.php?rest_route=\/wp\/v2\/pages\/799\/revisions\/977"}],"up":[{"embeddable":true,"href":"https:\/\/www.adryco.com\/index.php?rest_route=\/wp\/v2\/pages\/779"}],"wp:attachment":[{"href":"https:\/\/www.adryco.com\/index.php?rest_route=%2Fwp%2Fv2%2Fmedia&parent=799"}],"curies":[{"name":"wp","href":"https:\/\/api.w.org\/{rel}","templated":true}]}}